{"id":28,"date":"2025-12-26T16:20:11","date_gmt":"2025-12-26T16:20:11","guid":{"rendered":"https:\/\/resortesgalicia.trustynet.eu\/?page_id=28"},"modified":"2026-02-26T22:46:33","modified_gmt":"2026-02-26T22:46:33","slug":"calidad","status":"publish","type":"page","link":"https:\/\/resortesgalicia.trustynet.eu\/pt\/calidad\/","title":{"rendered":"Qualidade"},"content":{"rendered":"<div data-elementor-type=\"wp-page\" data-elementor-id=\"28\" class=\"elementor elementor-28\" data-elementor-settings=\"{&quot;ha_cmc_init_switcher&quot;:&quot;no&quot;}\" data-elementor-post-type=\"page\">\n\t\t\t\t<div class=\"elementor-element elementor-element-dca1f90 e-flex e-con-boxed e-con e-parent\" data-id=\"dca1f90\" data-element_type=\"container\" data-settings=\"{&quot;background_background&quot;:&quot;classic&quot;,&quot;_ha_eqh_enable&quot;:false}\">\n\t\t\t\t\t<div class=\"e-con-inner\">\n\t\t<div class=\"elementor-element elementor-element-639b00c e-con-full e-flex e-con e-child\" data-id=\"639b00c\" data-element_type=\"container\" data-settings=\"{&quot;_ha_eqh_enable&quot;:false}\">\n\t\t\t\t<div class=\"elementor-element elementor-element-9b79c78 elementor-widget elementor-widget-spacer\" data-id=\"9b79c78\" data-element_type=\"widget\" data-widget_type=\"spacer.default\">\n\t\t\t\t\t\t\t<div class=\"elementor-spacer\">\n\t\t\t<div class=\"elementor-spacer-inner\"><\/div>\n\t\t<\/div>\n\t\t\t\t\t\t<\/div>\n\t\t\t\t<div class=\"elementor-element elementor-element-1b8b44e ha-has-bg-overlay elementor-invisible elementor-widget elementor-widget-heading\" data-id=\"1b8b44e\" data-element_type=\"widget\" data-settings=\"{&quot;_animation&quot;:&quot;fadeInUp&quot;,&quot;_animation_delay&quot;:400}\" data-widget_type=\"heading.default\">\n\t\t\t\t\t<p class=\"elementor-heading-title elementor-size-default\">RESORTES GALICIA<\/p>\t\t\t\t<\/div>\n\t\t\t\t<\/div>\n\t\t\t\t\t<\/div>\n\t\t\t\t<\/div>\n\t\t<div class=\"elementor-element elementor-element-58fe4e1 e-flex e-con-boxed e-con e-parent\" data-id=\"58fe4e1\" data-element_type=\"container\" data-settings=\"{&quot;background_background&quot;:&quot;classic&quot;,&quot;_ha_eqh_enable&quot;:false}\">\n\t\t\t\t\t<div class=\"e-con-inner\">\n\t\t<div class=\"elementor-element elementor-element-87a1b19 e-con-full e-flex e-con e-child\" data-id=\"87a1b19\" data-element_type=\"container\" data-settings=\"{&quot;_ha_eqh_enable&quot;:false}\">\n\t\t\t\t<div class=\"elementor-element elementor-element-3ed8e39 elementor-widget__width-initial elementor-widget-mobile__width-inherit elementor-invisible elementor-widget elementor-widget-text-editor\" data-id=\"3ed8e39\" data-element_type=\"widget\" data-settings=\"{&quot;_animation&quot;:&quot;fadeInUp&quot;}\" data-widget_type=\"text-editor.default\">\n\t\t\t\t\t\t\t\t\t<p class=\" translation-block\"><span style=\"font-weight: 400\">Na <\/span><b>Resortes Galicia<\/b><span style=\"font-weight: 400\"> entendemos a qualidade como uma garantia real de desempenho e conformidade desde o momento em que o pedido \u00e9 recebido at\u00e9 que cada produto sai das nossas instala\u00e7\u00f5es. Por isso, <\/span><b>nenhuma refer\u00eancia sai da nossa f\u00e1brica sem ter sido verificada e aprovada de acordo com os requisitos t\u00e9cnicos acordados com os nossos clientes<\/b><span style=\"font-weight: 400\">.<\/span><\/p><p><span style=\"font-weight: 400;\">A nossa metodologia de qualidade baseia-se em controlos cont\u00ednuos, tecnologia avan\u00e7ada de medi\u00e7\u00e3o e ensaios funcionais que asseguram produtos fi\u00e1veis, consistentes e adequados \u00e0 sua aplica\u00e7\u00e3o:<\/span><\/p><p class=\" translation-block\"><b>Verifica\u00e7\u00e3o em todas as fases de produ\u00e7\u00e3o<\/b><span style=\"font-weight: 400\"><br><\/span><span style=\"font-weight: 400\">Cada pedido \u00e9 cuidadosamente revisto e planeado antes de entrar em produ\u00e7\u00e3o. Ao longo de todo o processo, o controlo de qualidade \u00e9 integrado em cada etapa, garantindo que as mat\u00e9rias-primas, os processos de conforma\u00e7\u00e3o e os acabamentos cumprem as especifica\u00e7\u00f5es exigidas.<\/span><\/p><p class=\" translation-block\"><b>Medi\u00e7\u00e3o automatizada e vis\u00e3o artificial<\/b><span style=\"font-weight: 400\"><br><\/span><span style=\"font-weight: 400\">Dispomos de <\/span><b>sistemas de vis\u00e3o artificial de alta precis\u00e3o<\/b><span style=\"font-weight: 400\"> e equipamentos de medi\u00e7\u00e3o avan\u00e7ados que permitem avaliar dimens\u00f5es, toler\u00e2ncias e formas com grande exatid\u00e3o. Esta tecnologia complementa a inspe\u00e7\u00e3o manual e ajuda-nos a detetar precocemente qualquer desvio.<\/span><\/p><p class=\" translation-block\"><b>Ensaios de desempenho e dinamometria<\/b><span style=\"font-weight: 400\"><br><\/span><span style=\"font-weight: 400\">Realizamos testes funcionais com <\/span><b>dinam\u00f3metros especializados<\/b><span style=\"font-weight: 400\"> e outros equipamentos de ensaio para verificar o comportamento de cada mola em condi\u00e7\u00f5es reais de carga. Estes ensaios validam que a funcionalidade do produto corresponde aos par\u00e2metros de conce\u00e7\u00e3o e aos padr\u00f5es de desempenho exigidos pelos nossos clientes.<\/span><\/p><p class=\" translation-block\"><b>Controlo final e liberta\u00e7\u00e3o do produto<\/b><span style=\"font-weight: 400\"><br><\/span><span style=\"font-weight: 400\">Antes da expedi\u00e7\u00e3o, as molas passam por um <\/span><b>controlo final de qualidade<\/b><span style=\"font-weight: 400\"> que verifica dimens\u00f5es, comportamento mec\u00e2nico e apresenta\u00e7\u00e3o. Apenas as pe\u00e7as que cumprem todos os crit\u00e9rios de controlo podem ser expedidas.<\/span><\/p><p class=\" translation-block\"><b>Sistema de gest\u00e3o certificado<\/b><span style=\"font-weight: 400\"><br><\/span><span style=\"font-weight: 400\">O nosso trabalho \u00e9 respaldado por um <\/span><b>Sistema de Gest\u00e3o da Qualidade conforme a norma UNE-EN ISO 9001<\/b><span style=\"font-weight: 400\">, que assegura rastreabilidade, consist\u00eancia e melhoria cont\u00ednua em todos os nossos processos.<\/span><\/p><p><span style=\"font-weight: 400;\">Esta abordagem estruturada, apoiada por tecnologia avan\u00e7ada de medi\u00e7\u00e3o, vis\u00e3o artificial e ensaios, permite-nos oferecer molas que cumprem os requisitos t\u00e9cnicos mais exigentes e transmitem confian\u00e7a no seu desempenho.<\/span><\/span><\/p>\t\t\t\t\t\t\t\t<\/div>\n\t\t\t\t<\/div>\n\t\t\t\t<div class=\"elementor-element elementor-element-6ff5c77 elementor-invisible elementor-widget elementor-widget-button\" data-id=\"6ff5c77\" data-element_type=\"widget\" data-settings=\"{&quot;_animation&quot;:&quot;fadeInUp&quot;,&quot;_animation_delay&quot;:700}\" data-widget_type=\"button.default\">\n\t\t\t\t\t\t\t\t\t\t<a class=\"elementor-button elementor-button-link elementor-size-sm\" href=\"https:\/\/resortesgalicia.com\/wp-content\/uploads\/2026\/02\/3._Politica_SGC_-_08.03.2019.pdf\" target=\"_blank\" rel=\"noopener\">\n\t\t\t\t\t\t<span class=\"elementor-button-content-wrapper\">\n\t\t\t\t\t\t\t\t\t<span class=\"elementor-button-text\">Baixar Pol\u00edtica de Qualidade<\/span>\n\t\t\t\t\t<\/span>\n\t\t\t\t\t<\/a>\n\t\t\t\t\t\t\t\t<\/div>\n\t\t\t\t\t<\/div>\n\t\t\t\t<\/div>\n\t\t<div class=\"elementor-element elementor-element-c74e9f0 e-con-full e-flex e-con e-parent\" data-id=\"c74e9f0\" data-element_type=\"container\" data-settings=\"{&quot;_ha_eqh_enable&quot;:false}\">\n\t\t\t\t<div class=\"elementor-element elementor-element-091b11b elementor-widget elementor-widget-image\" data-id=\"091b11b\" data-element_type=\"widget\" data-widget_type=\"image.default\">\n\t\t\t\t\t\t\t\t\t\t\t\t\t\t\t<img decoding=\"async\" width=\"1905\" height=\"1\" src=\"https:\/\/resortesgalicia.trustynet.eu\/wp-content\/uploads\/2025\/12\/Horizontal-Divider.svg\" class=\"attachment-full size-full wp-image-188\" alt=\"\" \/>\t\t\t\t\t\t\t\t\t\t\t\t\t\t\t<\/div>\n\t\t\t\t<\/div>\n\t\t<div class=\"elementor-element elementor-element-61d0af6 e-flex e-con-boxed e-con e-parent\" data-id=\"61d0af6\" data-element_type=\"container\" data-settings=\"{&quot;background_background&quot;:&quot;classic&quot;,&quot;_ha_eqh_enable&quot;:false}\">\n\t\t\t\t\t<div class=\"e-con-inner\">\n\t\t<div class=\"elementor-element elementor-element-66aa409 e-con-full e-flex e-con e-child\" data-id=\"66aa409\" data-element_type=\"container\" data-settings=\"{&quot;_ha_eqh_enable&quot;:false}\">\n\t\t\t\t<div class=\"elementor-element elementor-element-2216502 elementor-widget__width-initial elementor-widget-mobile__width-inherit elementor-invisible elementor-widget elementor-widget-heading\" data-id=\"2216502\" data-element_type=\"widget\" data-settings=\"{&quot;_animation&quot;:&quot;fadeInUp&quot;}\" data-widget_type=\"heading.default\">\n\t\t\t\t\t<h2 class=\"elementor-heading-title elementor-size-default\">O nosso objetivo: a qualidade<\/h2>\t\t\t\t<\/div>\n\t\t\t\t<div class=\"elementor-element elementor-element-63bd207 elementor-widget__width-initial elementor-widget-mobile__width-inherit elementor-invisible elementor-widget elementor-widget-heading\" data-id=\"63bd207\" data-element_type=\"widget\" data-settings=\"{&quot;_animation&quot;:&quot;fadeInUp&quot;}\" data-no-translation=\"\" data-widget_type=\"heading.default\">\n\t\t\t\t\t<style>.elementor-element-63bd207{display:none !important}<\/style>\t\t\t\t<\/div>\n\t\t\t\t<div class=\"elementor-element elementor-element-05ed1bd animated-slow elementor-widget-divider--view-line elementor-invisible elementor-widget elementor-widget-divider\" data-id=\"05ed1bd\" data-element_type=\"widget\" data-settings=\"{&quot;_animation&quot;:&quot;fadeInUp&quot;}\" data-widget_type=\"divider.default\">\n\t\t\t\t\t\t\t<div class=\"elementor-divider\">\n\t\t\t<span class=\"elementor-divider-separator\">\n\t\t\t\t\t\t<\/span>\n\t\t<\/div>\n\t\t\t\t\t\t<\/div>\n\t\t\t\t<div class=\"elementor-element elementor-element-56ae55d elementor-widget__width-initial elementor-widget-mobile__width-inherit elementor-invisible elementor-widget elementor-widget-text-editor\" data-id=\"56ae55d\" data-element_type=\"widget\" data-settings=\"{&quot;_animation&quot;:&quot;fadeInUp&quot;}\" data-widget_type=\"text-editor.default\">\n\t\t\t\t\t\t\t\t\t<p>A Resortes Galicia define como pol\u00edtica geral da empresa oferecer produtos que satisfa\u00e7am plenamente os clientes, tanto em termos de qualidade como de presta\u00e7\u00e3o de servi\u00e7os.<\/p><p>Para isso, s\u00e3o objetivos estrat\u00e9gicos a constante aposta na inova\u00e7\u00e3o tecnol\u00f3gica, a forma\u00e7\u00e3o cont\u00ednua e o compromisso de toda a equipa humana com a melhoria cont\u00ednua dos processos produtivos.<\/p><p>Todos estes processos est\u00e3o certificados de acordo com a norma ISO 9001:2015, emitida pela entidade certificadora T\u00dcV Rheinland.<\/p>\t\t\t\t\t\t\t\t<\/div>\n\t\t\t\t<div class=\"elementor-element elementor-element-7d0c8dc elementor-widget__width-initial elementor-widget-mobile__width-inherit elementor-invisible elementor-widget elementor-widget-text-editor\" data-id=\"7d0c8dc\" data-element_type=\"widget\" data-settings=\"{&quot;_animation&quot;:&quot;fadeInUp&quot;}\" data-no-translation=\"\" data-widget_type=\"text-editor.default\">\n\t\t\t\t\t<style>.elementor-element-7d0c8dc{display:none !important}<\/style>\t\t\t\t<\/div>\n\t\t\t\t<div class=\"elementor-element elementor-element-afd43bd elementor-absolute elementor-hidden-tablet elementor-hidden-mobile elementor-invisible elementor-widget elementor-widget-button\" data-id=\"afd43bd\" data-element_type=\"widget\" data-settings=\"{&quot;_animation&quot;:&quot;fadeInUp&quot;,&quot;_animation_delay&quot;:700,&quot;_position&quot;:&quot;absolute&quot;}\" data-widget_type=\"button.default\">\n\t\t\t\t\t\t\t\t\t\t<a class=\"elementor-button elementor-button-link elementor-size-sm\" href=\"https:\/\/resortesgalicia.trustynet.eu\/wp-content\/uploads\/2026\/01\/0.04.16281_Main_ES.pdf\" target=\"_blank\">\n\t\t\t\t\t\t<span class=\"elementor-button-content-wrapper\">\n\t\t\t\t\t\t\t\t\t<span class=\"elementor-button-text\">Download ISO 9001:2015<\/span>\n\t\t\t\t\t<\/span>\n\t\t\t\t\t<\/a>\n\t\t\t\t\t\t\t\t<\/div>\n\t\t\t\t<\/div>\n\t\t\t\t<div class=\"elementor-element elementor-element-052071f elementor-widget__width-initial elementor-widget-mobile__width-inherit elementor-invisible elementor-widget elementor-widget-image\" data-id=\"052071f\" data-element_type=\"widget\" data-settings=\"{&quot;_animation&quot;:&quot;fadeInRight&quot;}\" data-widget_type=\"image.default\">\n\t\t\t\t\t\t\t\t\t\t\t\t\t\t\t<img fetchpriority=\"high\" decoding=\"async\" width=\"600\" height=\"686\" src=\"https:\/\/resortesgalicia.trustynet.eu\/wp-content\/uploads\/2026\/01\/resortes-galicia-27.webp\" class=\"attachment-full size-full wp-image-429\" alt=\"\" srcset=\"https:\/\/resortesgalicia.trustynet.eu\/wp-content\/uploads\/2026\/01\/resortes-galicia-27.webp 600w, https:\/\/resortesgalicia.trustynet.eu\/wp-content\/uploads\/2026\/01\/resortes-galicia-27-262x300.webp 262w, https:\/\/resortesgalicia.trustynet.eu\/wp-content\/uploads\/2026\/01\/resortes-galicia-27-10x12.webp 10w\" sizes=\"(max-width: 600px) 100vw, 600px\" \/>\t\t\t\t\t\t\t\t\t\t\t\t\t\t\t<\/div>\n\t\t\t\t<div class=\"elementor-element elementor-element-c3c3354 elementor-mobile-align-justify elementor-widget-mobile__width-inherit elementor-hidden-desktop elementor-hidden-laptop elementor-invisible elementor-widget elementor-widget-button\" data-id=\"c3c3354\" data-element_type=\"widget\" data-settings=\"{&quot;_animation&quot;:&quot;fadeInUp&quot;,&quot;_animation_delay&quot;:700}\" data-widget_type=\"button.default\">\n\t\t\t\t\t\t\t\t\t\t<a class=\"elementor-button elementor-button-link elementor-size-sm\" href=\"https:\/\/resortesgalicia.trustynet.eu\/wp-content\/uploads\/2026\/01\/0.04.16281_Main_ES.pdf\" target=\"_blank\">\n\t\t\t\t\t\t<span class=\"elementor-button-content-wrapper\">\n\t\t\t\t\t\t\t\t\t<span class=\"elementor-button-text\">Download ISO 9001:2015<\/span>\n\t\t\t\t\t<\/span>\n\t\t\t\t\t<\/a>\n\t\t\t\t\t\t\t\t<\/div>\n\t\t\t\t\t<\/div>\n\t\t\t\t<\/div>\n\t\t\t\t<\/div>","protected":false},"excerpt":{"rendered":"<p>RESORTES GALICIA En Resortes Galicia entendemos la calidad como una garant\u00eda real de rendimiento y conformidad desde que se recibe un pedido hasta que cada producto sale de nuestras instalaciones. Por eso, ninguna referencia abandona nuestra f\u00e1brica sin haber sido verificada y aprobada conforme a los requisitos t\u00e9cnicos pactados con nuestros clientes.\u00a0 Nuestra metodolog\u00eda de [&hellip;]<\/p>","protected":false},"author":1,"featured_media":0,"parent":0,"menu_order":0,"comment_status":"closed","ping_status":"closed","template":"elementor_header_footer","meta":{"footnotes":""},"class_list":["post-28","page","type-page","status-publish","hentry"],"_links":{"self":[{"href":"https:\/\/resortesgalicia.trustynet.eu\/pt\/wp-json\/wp\/v2\/pages\/28","targetHints":{"allow":["GET"]}}],"collection":[{"href":"https:\/\/resortesgalicia.trustynet.eu\/pt\/wp-json\/wp\/v2\/pages"}],"about":[{"href":"https:\/\/resortesgalicia.trustynet.eu\/pt\/wp-json\/wp\/v2\/types\/page"}],"author":[{"embeddable":true,"href":"https:\/\/resortesgalicia.trustynet.eu\/pt\/wp-json\/wp\/v2\/users\/1"}],"replies":[{"embeddable":true,"href":"https:\/\/resortesgalicia.trustynet.eu\/pt\/wp-json\/wp\/v2\/comments?post=28"}],"version-history":[{"count":5,"href":"https:\/\/resortesgalicia.trustynet.eu\/pt\/wp-json\/wp\/v2\/pages\/28\/revisions"}],"predecessor-version":[{"id":1864,"href":"https:\/\/resortesgalicia.trustynet.eu\/pt\/wp-json\/wp\/v2\/pages\/28\/revisions\/1864"}],"wp:attachment":[{"href":"https:\/\/resortesgalicia.trustynet.eu\/pt\/wp-json\/wp\/v2\/media?parent=28"}],"curies":[{"name":"wp","href":"https:\/\/api.w.org\/{rel}","templated":true}]}}