{"id":1048,"date":"2026-02-23T17:34:35","date_gmt":"2026-02-23T17:34:35","guid":{"rendered":"https:\/\/resortesgalicia.trustynet.eu\/?page_id=1048"},"modified":"2026-02-26T17:48:50","modified_gmt":"2026-02-26T17:48:50","slug":"politica-de-privacidad","status":"publish","type":"page","link":"https:\/\/resortesgalicia.trustynet.eu\/pt\/politica-de-privacidad\/","title":{"rendered":"Pol\u00edtica de Privacidade"},"content":{"rendered":"<div data-elementor-type=\"wp-page\" data-elementor-id=\"1048\" class=\"elementor elementor-1048\" data-elementor-settings=\"{&quot;ha_cmc_init_switcher&quot;:&quot;no&quot;}\" data-elementor-post-type=\"page\">\n\t\t\t\t<div class=\"elementor-element elementor-element-efcbbdb e-con-full e-flex e-con e-parent\" data-id=\"efcbbdb\" data-element_type=\"container\" data-settings=\"{&quot;_ha_eqh_enable&quot;:false}\">\n\t\t\t\t<div class=\"elementor-element elementor-element-f39e99d elementor-widget elementor-widget-template\" data-id=\"f39e99d\" data-element_type=\"widget\" data-widget_type=\"template.default\">\n\t\t\t\t<div class=\"elementor-widget-container\">\n\t\t\t\t\t\t\t<div class=\"elementor-template\">\n\t\t\t\t\t<div data-elementor-type=\"container\" data-elementor-id=\"891\" class=\"elementor elementor-891\" data-elementor-settings=\"{&quot;ha_cmc_init_switcher&quot;:&quot;no&quot;}\" data-elementor-post-type=\"elementor_library\">\n\t\t\t\t<div class=\"elementor-element elementor-element-4d09dffa e-flex e-con-boxed e-con e-parent\" data-id=\"4d09dffa\" data-element_type=\"container\" data-settings=\"{&quot;background_background&quot;:&quot;classic&quot;,&quot;_ha_eqh_enable&quot;:false}\">\n\t\t\t\t\t<div class=\"e-con-inner\">\n\t\t\t\t<div class=\"elementor-element elementor-element-741825 ha-has-bg-overlay elementor-invisible elementor-widget elementor-widget-heading\" data-id=\"741825\" data-element_type=\"widget\" data-settings=\"{&quot;_animation&quot;:&quot;fadeInUp&quot;,&quot;_animation_delay&quot;:400}\" data-widget_type=\"heading.default\">\n\t\t\t\t\t<p class=\"elementor-heading-title elementor-size-default\">RESORTES GALICIA<\/p>\t\t\t\t<\/div>\n\t\t\t\t\t<\/div>\n\t\t\t\t<\/div>\n\t\t\t\t<\/div>\n\t\t\t\t<\/div>\n\t\t\t\t\t\t<\/div>\n\t\t\t\t<\/div>\n\t\t\t\t<\/div>\n\t\t<div class=\"elementor-element elementor-element-4941a34 e-flex e-con-boxed e-con e-parent\" data-id=\"4941a34\" data-element_type=\"container\" data-settings=\"{&quot;background_background&quot;:&quot;classic&quot;,&quot;_ha_eqh_enable&quot;:false}\">\n\t\t\t\t\t<div class=\"e-con-inner\">\n\t\t<div class=\"elementor-element elementor-element-c757ed2 e-con-full e-flex e-con e-child\" data-id=\"c757ed2\" data-element_type=\"container\" data-settings=\"{&quot;_ha_eqh_enable&quot;:false}\">\n\t\t\t\t<div class=\"elementor-element elementor-element-6b38175 elementor-widget__width-initial elementor-widget-mobile__width-inherit elementor-invisible elementor-widget elementor-widget-text-editor\" data-id=\"6b38175\" data-element_type=\"widget\" data-settings=\"{&quot;_animation&quot;:&quot;fadeInUp&quot;}\" data-widget_type=\"text-editor.default\">\n\t\t\t\t\t\t\t\t\t<h2>POL\u00cdTICA DE PRIVACIDADE<\/h2><p>Este site est\u00e1 em conformidade com as exig\u00eancias da Lei Org\u00e2nica 15\/1999, de 13 de dezembro, de Prote\u00e7\u00e3o de Dados de Car\u00e1ter Pessoal (LOPD), e com o Real Decreto 1720\/2007, de 21 de dezembro, conhecido como o Regulamento de desenvolvimento da LOPD. Cumpre igualmente o Regulamento (UE) 2016\/679 do Parlamento Europeu e do Conselho, de 27 de abril de 2016, relativo \u00e0 prote\u00e7\u00e3o das pessoas singulares (RGPD), bem como a Lei 34\/2002, de 11 de julho, de Servi\u00e7os da Sociedade da Informa\u00e7\u00e3o e Com\u00e9rcio Eletr\u00f3nico (LSSICE ou LSSI).<\/p><h3>1. Respons\u00e1vel<\/h3><p>Respons\u00e1vel: Resortes Galicia, S.L NIF: B-32435489 Morada: Pol\u00edgono San Cibrao das Vi\u00f1as, Calle 3, n\u00ba 6, Nave 19\u201324, 32901 Ourense Telefone: +34 988 227329 Correio eletr\u00f3nico: resortesgalicia@resortesgalicia.com<\/p><h3>2. Finalidade<\/h3><p>2.1 Finalidade do tratamento: a informa\u00e7\u00e3o fornecida pelos utilizadores ser\u00e1 utilizada para a gest\u00e3o, an\u00e1lise e resolu\u00e7\u00e3o das consultas realizadas atrav\u00e9s do site. Os dados de car\u00e1ter pessoal dos utilizadores ser\u00e3o recolhidos atrav\u00e9s de formul\u00e1rios online, via Internet. Os dados pessoais poder\u00e3o posteriormente ser tratados com a finalidade de realizar estat\u00edsticas e a\u00e7\u00f5es comerciais pontuais. Em nenhum caso este site ceder\u00e1 os dados pessoais dos seus utilizadores a terceiros sem os informar previamente e solicitar o seu consentimento. 2.2 Prazos ou crit\u00e9rios de conserva\u00e7\u00e3o dos dados: os dados ser\u00e3o conservados pelo tempo necess\u00e1rio de acordo com a informa\u00e7\u00e3o fornecida ou at\u00e9 que seja solicitada a sua elimina\u00e7\u00e3o pelo titular.<\/p><h3>3. Legitimidade<\/h3><p>A base jur\u00eddica do tratamento \u00e9 o consentimento do utilizador.<\/p><h3>4. Destinat\u00e1rios<\/h3><p>Os dados s\u00e3o comunicados \u00e0s seguintes empresas, que prestam servi\u00e7os estritamente necess\u00e1rios para o desenvolvimento da sua atividade: Hosting: Resortes Galicia contrata a sua infraestrutura virtual atrav\u00e9s da IONOS (https:\/\/ionos.com) Plataforma web: WordPress (https:\/\/es.wordpress.org)<\/p><h3>5. Direitos<\/h3><p>Pode contactar-nos (atrav\u00e9s de correio eletr\u00f3nico ou postal) para exercer os seguintes direitos: Direito de solicitar o acesso aos dados pessoais relativos ao titular, \u2013 Direito de solicitar a sua retifica\u00e7\u00e3o ou elimina\u00e7\u00e3o, \u2013 Direito de solicitar a limita\u00e7\u00e3o do seu tratamento \u2013 Direito de se opor ao tratamento \u2013 Direito \u00e0 portabilidade dos dados Os dados pessoais obtidos no site resortesgalicia.com prov\u00eam de: 1. Formul\u00e1rio de contacto 2. Cookies. Pode consultar aqui a nossa pol\u00edtica de cookies. As categorias de dados que s\u00e3o tratadas s\u00e3o: Dados identificativos (nome e correio eletr\u00f3nico)<\/p>\t\t\t\t\t\t\t\t<\/div>\n\t\t\t\t<\/div>\n\t\t\t\t\t<\/div>\n\t\t\t\t<\/div>\n\t\t\t\t<\/div>","protected":false},"excerpt":{"rendered":"<p>POL\u00cdTICA DE PRIVACIDAD Esta web est\u00e1 adecuada a las exigencias de la Ley Org\u00e1nica 15\/1999, de 13 de diciembre, de Protecci\u00f3n de Datos de Car\u00e1cter Personal (LOPD), y al Real Decreto 1720\/2007, de 21 de diciembre, conocido como el Reglamento de desarrollo de la LOPD. Cumple tambi\u00e9n con el Reglamento (UE) 2016\/679 del Parlamento Europeo [&hellip;]<\/p>","protected":false},"author":1,"featured_media":0,"parent":0,"menu_order":0,"comment_status":"closed","ping_status":"closed","template":"elementor_header_footer","meta":{"footnotes":""},"class_list":["post-1048","page","type-page","status-publish","hentry"],"_links":{"self":[{"href":"https:\/\/resortesgalicia.trustynet.eu\/pt\/wp-json\/wp\/v2\/pages\/1048","targetHints":{"allow":["GET"]}}],"collection":[{"href":"https:\/\/resortesgalicia.trustynet.eu\/pt\/wp-json\/wp\/v2\/pages"}],"about":[{"href":"https:\/\/resortesgalicia.trustynet.eu\/pt\/wp-json\/wp\/v2\/types\/page"}],"author":[{"embeddable":true,"href":"https:\/\/resortesgalicia.trustynet.eu\/pt\/wp-json\/wp\/v2\/users\/1"}],"replies":[{"embeddable":true,"href":"https:\/\/resortesgalicia.trustynet.eu\/pt\/wp-json\/wp\/v2\/comments?post=1048"}],"version-history":[{"count":5,"href":"https:\/\/resortesgalicia.trustynet.eu\/pt\/wp-json\/wp\/v2\/pages\/1048\/revisions"}],"predecessor-version":[{"id":1732,"href":"https:\/\/resortesgalicia.trustynet.eu\/pt\/wp-json\/wp\/v2\/pages\/1048\/revisions\/1732"}],"wp:attachment":[{"href":"https:\/\/resortesgalicia.trustynet.eu\/pt\/wp-json\/wp\/v2\/media?parent=1048"}],"curies":[{"name":"wp","href":"https:\/\/api.w.org\/{rel}","templated":true}]}}