{"id":24,"date":"2025-12-26T16:19:29","date_gmt":"2025-12-26T16:19:29","guid":{"rendered":"https:\/\/resortesgalicia.trustynet.eu\/?page_id=24"},"modified":"2026-02-26T18:58:29","modified_gmt":"2026-02-26T18:58:29","slug":"quienes-somos","status":"publish","type":"page","link":"https:\/\/resortesgalicia.trustynet.eu\/fr\/quienes-somos\/","title":{"rendered":"\u00c0 propos"},"content":{"rendered":"<div data-elementor-type=\"wp-page\" data-elementor-id=\"24\" class=\"elementor elementor-24\" data-elementor-settings=\"{&quot;ha_cmc_init_switcher&quot;:&quot;no&quot;}\" data-elementor-post-type=\"page\">\n\t\t\t\t<div class=\"elementor-element elementor-element-774407f e-flex e-con-boxed e-con e-parent\" data-id=\"774407f\" data-element_type=\"container\" data-settings=\"{&quot;background_background&quot;:&quot;classic&quot;,&quot;_ha_eqh_enable&quot;:false}\">\n\t\t\t\t\t<div class=\"e-con-inner\">\n\t\t<div class=\"elementor-element elementor-element-2fd69b3 e-con-full e-flex e-con e-child\" data-id=\"2fd69b3\" data-element_type=\"container\" data-settings=\"{&quot;_ha_eqh_enable&quot;:false}\">\n\t\t\t\t<div class=\"elementor-element elementor-element-d0d57eb elementor-hidden-desktop elementor-hidden-laptop elementor-widget elementor-widget-spacer\" data-id=\"d0d57eb\" data-element_type=\"widget\" data-widget_type=\"spacer.default\">\n\t\t\t\t\t\t\t<div class=\"elementor-spacer\">\n\t\t\t<div class=\"elementor-spacer-inner\"><\/div>\n\t\t<\/div>\n\t\t\t\t\t\t<\/div>\n\t\t\t\t<div class=\"elementor-element elementor-element-bcddcdf ha-has-bg-overlay elementor-invisible elementor-widget elementor-widget-heading\" data-id=\"bcddcdf\" data-element_type=\"widget\" data-settings=\"{&quot;_animation&quot;:&quot;fadeInUp&quot;,&quot;_animation_delay&quot;:400}\" data-widget_type=\"heading.default\">\n\t\t\t\t\t<p class=\"elementor-heading-title elementor-size-default\">RESORTES GALICIA<\/p>\t\t\t\t<\/div>\n\t\t\t\t<\/div>\n\t\t\t\t\t<\/div>\n\t\t\t\t<\/div>\n\t\t<div class=\"elementor-element elementor-element-697ba8f e-flex e-con-boxed e-con e-parent\" data-id=\"697ba8f\" data-element_type=\"container\" data-settings=\"{&quot;_ha_eqh_enable&quot;:false}\">\n\t\t\t\t\t<div class=\"e-con-inner\">\n\t\t<div class=\"elementor-element elementor-element-49376e7 e-con-full e-flex e-con e-child\" data-id=\"49376e7\" data-element_type=\"container\" data-settings=\"{&quot;_ha_eqh_enable&quot;:false}\">\n\t\t\t\t<div class=\"elementor-element elementor-element-8f46e2c elementor-widget__width-inherit elementor-invisible elementor-widget elementor-widget-heading\" data-id=\"8f46e2c\" data-element_type=\"widget\" data-settings=\"{&quot;_animation&quot;:&quot;fadeInUp&quot;}\" data-widget_type=\"heading.default\">\n\t\t\t\t\t<h2 class=\"elementor-heading-title elementor-size-default\">\u00c0 PROPOS<\/h2>\t\t\t\t<\/div>\n\t\t\t\t<div class=\"elementor-element elementor-element-800b957 animated-slow elementor-widget-divider--view-line elementor-invisible elementor-widget elementor-widget-divider\" data-id=\"800b957\" data-element_type=\"widget\" data-settings=\"{&quot;_animation&quot;:&quot;fadeInUp&quot;}\" data-widget_type=\"divider.default\">\n\t\t\t\t\t\t\t<div class=\"elementor-divider\">\n\t\t\t<span class=\"elementor-divider-separator\">\n\t\t\t\t\t\t<\/span>\n\t\t<\/div>\n\t\t\t\t\t\t<\/div>\n\t\t\t\t<div class=\"elementor-element elementor-element-08f4ddc elementor-widget__width-initial elementor-widget-mobile__width-inherit elementor-invisible elementor-widget elementor-widget-text-editor\" data-id=\"08f4ddc\" data-element_type=\"widget\" data-settings=\"{&quot;_animation&quot;:&quot;fadeInUp&quot;}\" data-widget_type=\"text-editor.default\">\n\t\t\t\t\t\t\t\t\t<p>Resortes Galicia, fond\u00e9e en 1973, est une entreprise familiale sp\u00e9cialis\u00e9e dans la fabrication de ressorts ainsi que dans le formage de fil et de feuillard pour de nombreuses applications industrielles.<\/p><p>Nous disposons d\u2019installations modernes de plus de 3 000 m\u00b2 situ\u00e9es dans la zone industrielle de San Cibrao (Ourense), con\u00e7ues pour r\u00e9pondre aux besoins d\u2019un march\u00e9 en constante \u00e9volution.<\/p><p>Depuis trois g\u00e9n\u00e9rations, nous maintenons un engagement fort envers l\u2019innovation et la qualit\u00e9. Ces derni\u00e8res ann\u00e9es, nous avons investi de mani\u00e8re continue dans des machines CNC de derni\u00e8re g\u00e9n\u00e9ration, ce qui nous permet d\u2019\u00e9largir nos capacit\u00e9s de production, d\u2019am\u00e9liorer la pr\u00e9cision des processus et de nous adapter aux exigences les plus \u00e9lev\u00e9es de nos clients.<\/p><p>Nous disposons de la certification ISO 9001:2015, d\u2019un bureau technique sp\u00e9cialis\u00e9 et d\u2019un laboratoire de m\u00e9trologie qui garantissent le respect des plus hauts standards de qualit\u00e9 pour chaque projet.<\/p><p>Notre \u00e9quipe, jeune et hautement qualifi\u00e9e, travaille avec une approche \u00e0 la fois technique et de proximit\u00e9, en assurant des solutions personnalis\u00e9es et fiables. Cette combinaison d\u2019exp\u00e9rience, de technologie et de sens du service fait de Resortes Galicia un partenaire de confiance pour des entreprises de divers secteurs industriels.<\/p>\t\t\t\t\t\t\t\t<\/div>\n\t\t\t\t<div class=\"elementor-element elementor-element-214ce31 elementor-widget__width-initial elementor-widget-mobile__width-inherit elementor-invisible elementor-widget elementor-widget-text-editor\" data-id=\"214ce31\" data-element_type=\"widget\" data-settings=\"{&quot;_animation&quot;:&quot;fadeInUp&quot;}\" data-no-translation=\"\" data-widget_type=\"text-editor.default\">\n\t\t\t\t\t<style>.elementor-element-214ce31{display:none !important}<\/style>\t\t\t\t<\/div>\n\t\t\t\t<div class=\"elementor-element elementor-element-b7027a3 elementor-position-inline-start elementor-widget-mobile__width-initial elementor-view-default elementor-mobile-position-block-start elementor-invisible elementor-widget elementor-widget-icon-box\" data-id=\"b7027a3\" data-element_type=\"widget\" data-settings=\"{&quot;_animation&quot;:&quot;fadeInRight&quot;,&quot;_animation_delay&quot;:200}\" data-widget_type=\"icon-box.default\">\n\t\t\t\t\t\t\t<div class=\"elementor-icon-box-wrapper\">\n\n\t\t\t\t\t\t<div class=\"elementor-icon-box-icon\">\n\t\t\t\t<span  class=\"elementor-icon\">\n\t\t\t\t<svg xmlns=\"http:\/\/www.w3.org\/2000\/svg\" width=\"24\" height=\"24\" viewbox=\"0 0 24 24\" fill=\"none\"><path d=\"M12 22C17.5228 22 22 17.5228 22 12C22 6.47715 17.5228 2 12 2C6.47715 2 2 6.47715 2 12C2 17.5228 6.47715 22 12 22Z\" stroke=\"#0080FF\" stroke-width=\"2\" stroke-linecap=\"round\" stroke-linejoin=\"round\"><\/path><path d=\"M9 12L11 14L15 10\" stroke=\"#0080FF\" stroke-width=\"2\" stroke-linecap=\"round\" stroke-linejoin=\"round\"><\/path><\/svg>\t\t\t\t<\/span>\n\t\t\t<\/div>\n\t\t\t\n\t\t\t\t\t\t<div class=\"elementor-icon-box-content\">\n\n\t\t\t\t\t\t\t\t\t<p class=\"elementor-icon-box-title\">\n\t\t\t\t\t\t<span  >\n\t\t\t\t\t\t\tTechnologie CNC\t\t\t\t\t\t<\/span>\n\t\t\t\t\t<\/p>\n\t\t\t\t\n\t\t\t\t\t\t\t\t\t<p class=\"elementor-icon-box-description\">\n\t\t\t\t\t\tPr\u00e9cision millim\u00e9trique\t\t\t\t\t<\/p>\n\t\t\t\t\n\t\t\t<\/div>\n\t\t\t\n\t\t<\/div>\n\t\t\t\t\t\t<\/div>\n\t\t\t\t<div class=\"elementor-element elementor-element-fd78492 elementor-position-inline-start elementor-view-default elementor-mobile-position-block-start elementor-invisible elementor-widget elementor-widget-icon-box\" data-id=\"fd78492\" data-element_type=\"widget\" data-settings=\"{&quot;_animation&quot;:&quot;fadeInRight&quot;,&quot;_animation_delay&quot;:400}\" data-widget_type=\"icon-box.default\">\n\t\t\t\t\t\t\t<div class=\"elementor-icon-box-wrapper\">\n\n\t\t\t\t\t\t<div class=\"elementor-icon-box-icon\">\n\t\t\t\t<span  class=\"elementor-icon\">\n\t\t\t\t<svg xmlns=\"http:\/\/www.w3.org\/2000\/svg\" width=\"24\" height=\"24\" viewbox=\"0 0 24 24\" fill=\"none\"><path d=\"M12 22C17.5228 22 22 17.5228 22 12C22 6.47715 17.5228 2 12 2C6.47715 2 2 6.47715 2 12C2 17.5228 6.47715 22 12 22Z\" stroke=\"#0080FF\" stroke-width=\"2\" stroke-linecap=\"round\" stroke-linejoin=\"round\"><\/path><path d=\"M9 12L11 14L15 10\" stroke=\"#0080FF\" stroke-width=\"2\" stroke-linecap=\"round\" stroke-linejoin=\"round\"><\/path><\/svg>\t\t\t\t<\/span>\n\t\t\t<\/div>\n\t\t\t\n\t\t\t\t\t\t<div class=\"elementor-icon-box-content\">\n\n\t\t\t\t\t\t\t\t\t<p class=\"elementor-icon-box-title\">\n\t\t\t\t\t\t<span  >\n\t\t\t\t\t\t\tExp\u00e9rience\t\t\t\t\t\t<\/span>\n\t\t\t\t\t<\/p>\n\t\t\t\t\n\t\t\t\t\t\t\t\t\t<p class=\"elementor-icon-box-description\">\n\t\t\t\t\t\tPlus de 50 ans\t\t\t\t\t<\/p>\n\t\t\t\t\n\t\t\t<\/div>\n\t\t\t\n\t\t<\/div>\n\t\t\t\t\t\t<\/div>\n\t\t\t\t<\/div>\n\t\t<div class=\"elementor-element elementor-element-79338d6 e-con-full e-flex e-con e-child\" data-id=\"79338d6\" data-element_type=\"container\" data-settings=\"{&quot;background_background&quot;:&quot;slideshow&quot;,&quot;background_slideshow_gallery&quot;:[{&quot;id&quot;:1758,&quot;url&quot;:&quot;https:\\\/\\\/resortesgalicia.trustynet.eu\\\/wp-content\\\/uploads\\\/2026\\\/02\\\/resortes-galicia-108.webp&quot;},{&quot;id&quot;:1779,&quot;url&quot;:&quot;https:\\\/\\\/resortesgalicia.trustynet.eu\\\/wp-content\\\/uploads\\\/2026\\\/02\\\/resortes-galicia-120.webp&quot;},{&quot;id&quot;:1780,&quot;url&quot;:&quot;https:\\\/\\\/resortesgalicia.trustynet.eu\\\/wp-content\\\/uploads\\\/2026\\\/02\\\/resortes-galicia-121.webp&quot;},{&quot;id&quot;:1787,&quot;url&quot;:&quot;https:\\\/\\\/resortesgalicia.trustynet.eu\\\/wp-content\\\/uploads\\\/2026\\\/02\\\/resortes-galicia-128.webp&quot;},{&quot;id&quot;:1772,&quot;url&quot;:&quot;https:\\\/\\\/resortesgalicia.trustynet.eu\\\/wp-content\\\/uploads\\\/2026\\\/02\\\/resortes-galicia-116.webp&quot;},{&quot;id&quot;:1797,&quot;url&quot;:&quot;https:\\\/\\\/resortesgalicia.trustynet.eu\\\/wp-content\\\/uploads\\\/2026\\\/02\\\/resortes-galicia-135.webp&quot;},{&quot;id&quot;:1796,&quot;url&quot;:&quot;https:\\\/\\\/resortesgalicia.trustynet.eu\\\/wp-content\\\/uploads\\\/2026\\\/02\\\/resortes-galicia-134.webp&quot;}],&quot;background_slideshow_ken_burns&quot;:&quot;yes&quot;,&quot;background_slideshow_ken_burns_zoom_direction&quot;:&quot;out&quot;,&quot;background_slideshow_loop&quot;:&quot;yes&quot;,&quot;background_slideshow_slide_duration&quot;:5000,&quot;background_slideshow_slide_transition&quot;:&quot;fade&quot;,&quot;background_slideshow_transition_duration&quot;:500,&quot;_ha_eqh_enable&quot;:false}\">\n\t\t\t\t<div class=\"elementor-element elementor-element-ea0b50d animated-slow ha-has-bg-overlay elementor-invisible elementor-widget elementor-widget-counter\" data-id=\"ea0b50d\" data-element_type=\"widget\" data-settings=\"{&quot;_animation&quot;:&quot;fadeInRight&quot;,&quot;_animation_delay&quot;:200}\" data-widget_type=\"counter.default\">\n\t\t\t\t\t\t\t<div class=\"elementor-counter\">\n\t\t\t<div class=\"elementor-counter-title\">Ans d\u2019exp\u00e9rience<\/div>\t\t\t<div class=\"elementor-counter-number-wrapper\">\n\t\t\t\t<span class=\"elementor-counter-number-prefix\"><\/span>\n\t\t\t\t<span class=\"elementor-counter-number\" data-duration=\"2000\" data-to-value=\"50\" data-from-value=\"0\" data-delimiter=\",\">0<\/span>\n\t\t\t\t<span class=\"elementor-counter-number-suffix\">+<\/span>\n\t\t\t<\/div>\n\t\t<\/div>\n\t\t\t\t\t\t<\/div>\n\t\t\t\t<\/div>\n\t\t\t\t\t<\/div>\n\t\t\t\t<\/div>\n\t\t\t\t<\/div>","protected":false},"excerpt":{"rendered":"<p>RESORTES GALICIA QUI\u00c9NES SOMOS Resortes Galicia, fundada en 1973, es una empresa familiar especializada en la fabricaci\u00f3n de muelles y en el conformado de alambre y fleje para m\u00faltiples aplicaciones industriales. Disponemos de unas modernas instalaciones de m\u00e1s de 3.000 m\u00b2 en el Pol\u00edgono Industrial de San Cibrao (Ourense), dise\u00f1adas para responder a las necesidades [&hellip;]<\/p>","protected":false},"author":1,"featured_media":0,"parent":0,"menu_order":0,"comment_status":"closed","ping_status":"closed","template":"elementor_header_footer","meta":{"footnotes":""},"class_list":["post-24","page","type-page","status-publish","hentry"],"_links":{"self":[{"href":"https:\/\/resortesgalicia.trustynet.eu\/fr\/wp-json\/wp\/v2\/pages\/24","targetHints":{"allow":["GET"]}}],"collection":[{"href":"https:\/\/resortesgalicia.trustynet.eu\/fr\/wp-json\/wp\/v2\/pages"}],"about":[{"href":"https:\/\/resortesgalicia.trustynet.eu\/fr\/wp-json\/wp\/v2\/types\/page"}],"author":[{"embeddable":true,"href":"https:\/\/resortesgalicia.trustynet.eu\/fr\/wp-json\/wp\/v2\/users\/1"}],"replies":[{"embeddable":true,"href":"https:\/\/resortesgalicia.trustynet.eu\/fr\/wp-json\/wp\/v2\/comments?post=24"}],"version-history":[{"count":5,"href":"https:\/\/resortesgalicia.trustynet.eu\/fr\/wp-json\/wp\/v2\/pages\/24\/revisions"}],"predecessor-version":[{"id":1837,"href":"https:\/\/resortesgalicia.trustynet.eu\/fr\/wp-json\/wp\/v2\/pages\/24\/revisions\/1837"}],"wp:attachment":[{"href":"https:\/\/resortesgalicia.trustynet.eu\/fr\/wp-json\/wp\/v2\/media?parent=24"}],"curies":[{"name":"wp","href":"https:\/\/api.w.org\/{rel}","templated":true}]}}